{"id":313,"date":"2009-11-17T12:25:04","date_gmt":"2009-11-17T11:25:04","guid":{"rendered":"http:\/\/wp1065673.wp100.webpack.hosteurope.de\/wp\/?page_id=313"},"modified":"2026-04-28T23:08:50","modified_gmt":"2026-04-28T21:08:50","slug":"download","status":"publish","type":"page","link":"https:\/\/www.baptisten-schmiedeberg.de\/?page_id=313","title":{"rendered":"Download"},"content":{"rendered":"<p style=\"text-align: justify;\">In unserem Downloadbereich sind die <a href='https:\/\/www.baptisten-schmiedeberg.de\/?page_id=1097' title='Gemeindebriefe'>Gemeindebriefe<\/a> zu finden. Die bereits gesungenen <a href='https:\/\/www.baptisten-schmiedeberg.de\/?page_id=834' title='Monatslieder'>Monatslieder<\/a> sind nur mit Passwort zug\u00e4nglich. Wenn Du Dich f\u00fcr Mitschnitte der Gottesdienste interessierst, k\u00f6nnen wir z.Z. nur das Abholen in der Kapelle oder den Versand anbieten. Sollte der Wunsch nach Download massiv an uns herangetragen werden, finden wir auch dann eine L\u00f6sung.<\/p>\n<p><span style=\"font-size: 18pt;\">allgemeine Downloads:<\/span><\/p>\n<p><a href=\"https:\/\/bapsch.church.tools\/wiki\/30\">Hier ist einiges zu finden.<\/a><\/p>\n","protected":false},"excerpt":{"rendered":"<p>In unserem Downloadbereich sind die Gemeindebriefe zu finden. Die bereits gesungenen Monatslieder sind nur mit Passwort zug\u00e4nglich. Wenn Du Dich f\u00fcr Mitschnitte der Gottesdienste interessierst, k\u00f6nnen wir z.Z. nur das&hellip;<\/p>\n","protected":false},"author":3,"featured_media":15529,"parent":0,"menu_order":4,"comment_status":"closed","ping_status":"closed","template":"","meta":{"footnotes":""},"class_list":["post-313","page","type-page","status-publish","has-post-thumbnail","hentry"],"_links":{"self":[{"href":"https:\/\/www.baptisten-schmiedeberg.de\/index.php?rest_route=\/wp\/v2\/pages\/313","targetHints":{"allow":["GET"]}}],"collection":[{"href":"https:\/\/www.baptisten-schmiedeberg.de\/index.php?rest_route=\/wp\/v2\/pages"}],"about":[{"href":"https:\/\/www.baptisten-schmiedeberg.de\/index.php?rest_route=\/wp\/v2\/types\/page"}],"author":[{"embeddable":true,"href":"https:\/\/www.baptisten-schmiedeberg.de\/index.php?rest_route=\/wp\/v2\/users\/3"}],"replies":[{"embeddable":true,"href":"https:\/\/www.baptisten-schmiedeberg.de\/index.php?rest_route=%2Fwp%2Fv2%2Fcomments&post=313"}],"version-history":[{"count":5,"href":"https:\/\/www.baptisten-schmiedeberg.de\/index.php?rest_route=\/wp\/v2\/pages\/313\/revisions"}],"predecessor-version":[{"id":17645,"href":"https:\/\/www.baptisten-schmiedeberg.de\/index.php?rest_route=\/wp\/v2\/pages\/313\/revisions\/17645"}],"wp:featuredmedia":[{"embeddable":true,"href":"https:\/\/www.baptisten-schmiedeberg.de\/index.php?rest_route=\/wp\/v2\/media\/15529"}],"wp:attachment":[{"href":"https:\/\/www.baptisten-schmiedeberg.de\/index.php?rest_route=%2Fwp%2Fv2%2Fmedia&parent=313"}],"curies":[{"name":"wp","href":"https:\/\/api.w.org\/{rel}","templated":true}]}}